{"id":7293,"date":"2023-02-13T14:43:34","date_gmt":"2023-02-13T13:43:34","guid":{"rendered":"https:\/\/lemasdesloges83.com\/?page_id=7293"},"modified":"2023-02-13T14:49:26","modified_gmt":"2023-02-13T13:49:26","slug":"mentions-legales","status":"publish","type":"page","link":"https:\/\/lemasdesloges83.com\/en\/mentions-legales","title":{"rendered":"Mentions l\u00e9gales"},"content":{"rendered":"<div data-elementor-type=\"wp-page\" data-elementor-id=\"7293\" class=\"elementor elementor-7293\" data-elementor-post-type=\"page\">\n\t\t\t\t\t\t<section class=\"elementor-section elementor-top-section elementor-element elementor-element-9b0c22b elementor-section-boxed elementor-section-height-default elementor-section-height-default\" data-id=\"9b0c22b\" data-element_type=\"section\" data-e-type=\"section\">\n\t\t\t\t\t\t<div class=\"elementor-container elementor-column-gap-default\">\n\t\t\t\t\t<div class=\"elementor-column elementor-col-100 elementor-top-column elementor-element elementor-element-2cf3f70\" data-id=\"2cf3f70\" data-element_type=\"column\" data-e-type=\"column\">\n\t\t\t<div class=\"elementor-widget-wrap elementor-element-populated\">\n\t\t\t\t\t\t<div class=\"elementor-element elementor-element-2e87a9c elementor-widget elementor-widget-heading\" data-id=\"2e87a9c\" data-element_type=\"widget\" data-e-type=\"widget\" data-widget_type=\"heading.default\">\n\t\t\t\t<div class=\"elementor-widget-container\">\n\t\t\t\t\t<h3 class=\"elementor-heading-title elementor-size-default\">Mentions L\u00e9gales <\/h3>\t\t\t\t<\/div>\n\t\t\t\t<\/div>\n\t\t\t\t\t<\/div>\n\t\t<\/div>\n\t\t\t\t\t<\/div>\n\t\t<\/section>\n\t\t\t\t<section class=\"elementor-section elementor-top-section elementor-element elementor-element-cc40481 elementor-section-boxed elementor-section-height-default elementor-section-height-default\" data-id=\"cc40481\" data-element_type=\"section\" data-e-type=\"section\">\n\t\t\t\t\t\t<div class=\"elementor-container elementor-column-gap-default\">\n\t\t\t\t\t<div class=\"elementor-column elementor-col-100 elementor-top-column elementor-element elementor-element-9166e2e\" data-id=\"9166e2e\" data-element_type=\"column\" data-e-type=\"column\">\n\t\t\t<div class=\"elementor-widget-wrap elementor-element-populated\">\n\t\t\t\t\t\t<div class=\"elementor-element elementor-element-e8b09f9 elementor-widget elementor-widget-text-editor\" data-id=\"e8b09f9\" data-element_type=\"widget\" data-e-type=\"widget\" data-widget_type=\"text-editor.default\">\n\t\t\t\t<div class=\"elementor-widget-container\">\n\t\t\t\t\t\t\t\t\t<pre>\u00a0Le Mas des Loges<br \/><br \/>SAS<br \/><br \/>1147 ch du Jas de Clare\u00a0<br \/><br \/>83740 La Cadi\u00e8re d'Azur<br \/><br \/>1000\u20ac capital social<br \/><br \/>N\u00b0immat : 912961166 R.C.S TOULON<br \/><br \/>Mail: <a href=\"mailto:caroline.roman171282@gmail.com\">caroline.roman171282@gmail.com<\/a><br \/><br \/>06.62.83.51.22<br \/><br \/>TVA : FR 46912961166<br \/><br \/>Site h\u00e9bergeur: O2 SWITCH<br \/><br \/>Ch des Pardiaux<br \/><br \/>63000 Clermont-Ferrand<br \/><br \/>04.44.44.60.40<\/pre>\t\t\t\t\t\t\t\t<\/div>\n\t\t\t\t<\/div>\n\t\t\t\t\t<\/div>\n\t\t<\/div>\n\t\t\t\t\t<\/div>\n\t\t<\/section>\n\t\t\t\t<\/div>","protected":false},"excerpt":{"rendered":"<p>Mentions L\u00e9gales &nbsp;Le Mas des Loges SAS 1147 ch du Jas de Clare&nbsp; 83740 La Cadi\u00e8re d&rsquo;Azur 1000\u20ac capital social N\u00b0immat : 912961166 R.C.S TOULON Mail: caroline.roman171282@gmail.com&#8230;<\/p>","protected":false},"author":1,"featured_media":0,"parent":0,"menu_order":0,"comment_status":"closed","ping_status":"closed","template":"","meta":{"footnotes":""},"class_list":["post-7293","page","type-page","status-publish","hentry"],"yoast_head":"<!-- This site is optimized with the Yoast SEO plugin v27.0 - https:\/\/yoast.com\/product\/yoast-seo-wordpress\/ -->\n<title>Mentions l\u00e9gales &#8211; Le Mas des Loges 83<\/title>\n<meta name=\"description\" content=\"Mentions L\u00e9gales &nbsp;Le Mas des Loges SAS 1147 ch du Jas de Clare&nbsp; 83740 La Cadi\u00e8re d&#039;Azur 1000\u20ac capital social N\u00b0immat : 912961166 R.C.S TOULON\" \/>\n<meta name=\"robots\" content=\"index, follow, max-snippet:-1, max-image-preview:large, max-video-preview:-1\" \/>\n<link rel=\"canonical\" href=\"https:\/\/lemasdesloges83.com\/en\/mentions-legales\/\" \/>\n<meta property=\"og:locale\" content=\"en_US\" \/>\n<meta property=\"og:type\" content=\"article\" \/>\n<meta property=\"og:title\" content=\"Mentions l\u00e9gales &#8211; Le Mas des Loges 83\" \/>\n<meta property=\"og:description\" content=\"Mentions L\u00e9gales &nbsp;Le Mas des Loges SAS 1147 ch du Jas de Clare&nbsp; 83740 La Cadi\u00e8re d&#039;Azur 1000\u20ac capital social N\u00b0immat : 912961166 R.C.S TOULON\" \/>\n<meta property=\"og:url\" content=\"https:\/\/lemasdesloges83.com\/en\/mentions-legales\/\" \/>\n<meta property=\"og:site_name\" content=\"Le Mas des Loges 83\" \/>\n<meta property=\"article:publisher\" content=\"https:\/\/www.facebook.com\/profile.php?id=100089114330223\" \/>\n<meta property=\"article:modified_time\" content=\"2023-02-13T13:49:26+00:00\" \/>\n<meta property=\"og:image\" content=\"https:\/\/lemasdesloges83.com\/wp-content\/uploads\/2022\/11\/LOGO-LE-MAS-DES-LOGES-BLANC-2-1-e1673966019170-1.png\" \/>\n\t<meta property=\"og:image:width\" content=\"417\" \/>\n\t<meta property=\"og:image:height\" content=\"195\" \/>\n\t<meta property=\"og:image:type\" content=\"image\/png\" \/>\n<meta name=\"twitter:card\" content=\"summary_large_image\" \/>\n<script type=\"application\/ld+json\" class=\"yoast-schema-graph\">{\"@context\":\"https:\/\/schema.org\",\"@graph\":[{\"@type\":\"WebPage\",\"@id\":\"https:\/\/lemasdesloges83.com\/mentions-legales\",\"url\":\"https:\/\/lemasdesloges83.com\/mentions-legales\",\"name\":\"Mentions l\u00e9gales &#8211; Le Mas des Loges 83\",\"isPartOf\":{\"@id\":\"https:\/\/lemasdesloges83.com\/#website\"},\"datePublished\":\"2023-02-13T13:43:34+00:00\",\"dateModified\":\"2023-02-13T13:49:26+00:00\",\"description\":\"Mentions L\u00e9gales &nbsp;Le Mas des Loges SAS 1147 ch du Jas de Clare&nbsp; 83740 La Cadi\u00e8re d'Azur 1000\u20ac capital social N\u00b0immat : 912961166 R.C.S TOULON\",\"breadcrumb\":{\"@id\":\"https:\/\/lemasdesloges83.com\/mentions-legales#breadcrumb\"},\"inLanguage\":\"en-US\",\"potentialAction\":[{\"@type\":\"ReadAction\",\"target\":[\"https:\/\/lemasdesloges83.com\/mentions-legales\"]}]},{\"@type\":\"BreadcrumbList\",\"@id\":\"https:\/\/lemasdesloges83.com\/mentions-legales#breadcrumb\",\"itemListElement\":[{\"@type\":\"ListItem\",\"position\":1,\"name\":\"Accueil\",\"item\":\"https:\/\/lemasdesloges83.com\/\"},{\"@type\":\"ListItem\",\"position\":2,\"name\":\"Mentions l\u00e9gales\"}]},{\"@type\":\"WebSite\",\"@id\":\"https:\/\/lemasdesloges83.com\/#website\",\"url\":\"https:\/\/lemasdesloges83.com\/\",\"name\":\"Le Mas des Loges 83\",\"description\":\"L\u2019\u00e9l\u00e9gance proven\u00e7ale, le charme au naturel.\",\"publisher\":{\"@id\":\"https:\/\/lemasdesloges83.com\/#organization\"},\"potentialAction\":[{\"@type\":\"SearchAction\",\"target\":{\"@type\":\"EntryPoint\",\"urlTemplate\":\"https:\/\/lemasdesloges83.com\/?s={search_term_string}\"},\"query-input\":{\"@type\":\"PropertyValueSpecification\",\"valueRequired\":true,\"valueName\":\"search_term_string\"}}],\"inLanguage\":\"en-US\"},{\"@type\":\"Organization\",\"@id\":\"https:\/\/lemasdesloges83.com\/#organization\",\"name\":\"Le Mas des Loges 83\",\"url\":\"https:\/\/lemasdesloges83.com\/\",\"logo\":{\"@type\":\"ImageObject\",\"inLanguage\":\"en-US\",\"@id\":\"https:\/\/lemasdesloges83.com\/#\/schema\/logo\/image\/\",\"url\":\"https:\/\/lemasdesloges83.com\/wp-content\/uploads\/2022\/11\/LOGO-LE-MAS-DES-LOGES-BLANC-2-1-e1673966019170.png\",\"contentUrl\":\"https:\/\/lemasdesloges83.com\/wp-content\/uploads\/2022\/11\/LOGO-LE-MAS-DES-LOGES-BLANC-2-1-e1673966019170.png\",\"width\":417,\"height\":195,\"caption\":\"Le Mas des Loges 83\"},\"image\":{\"@id\":\"https:\/\/lemasdesloges83.com\/#\/schema\/logo\/image\/\"},\"sameAs\":[\"https:\/\/www.facebook.com\/profile.php?id=100089114330223\",\"https:\/\/www.instagram.com\/lemasdesloges83\/?hl=fr\"]}]}<\/script>\n<!-- \/ Yoast SEO plugin. -->","yoast_head_json":{"title":"Mentions l\u00e9gales &#8211; Le Mas des Loges 83","description":"Mentions L\u00e9gales &nbsp;Le Mas des Loges SAS 1147 ch du Jas de Clare&nbsp; 83740 La Cadi\u00e8re d'Azur 1000\u20ac capital social N\u00b0immat : 912961166 R.C.S TOULON","robots":{"index":"index","follow":"follow","max-snippet":"max-snippet:-1","max-image-preview":"max-image-preview:large","max-video-preview":"max-video-preview:-1"},"canonical":"https:\/\/lemasdesloges83.com\/en\/mentions-legales\/","og_locale":"en_US","og_type":"article","og_title":"Mentions l\u00e9gales &#8211; Le Mas des Loges 83","og_description":"Mentions L\u00e9gales &nbsp;Le Mas des Loges SAS 1147 ch du Jas de Clare&nbsp; 83740 La Cadi\u00e8re d'Azur 1000\u20ac capital social N\u00b0immat : 912961166 R.C.S TOULON","og_url":"https:\/\/lemasdesloges83.com\/en\/mentions-legales\/","og_site_name":"Le Mas des Loges 83","article_publisher":"https:\/\/www.facebook.com\/profile.php?id=100089114330223","article_modified_time":"2023-02-13T13:49:26+00:00","og_image":[{"width":417,"height":195,"url":"https:\/\/lemasdesloges83.com\/wp-content\/uploads\/2022\/11\/LOGO-LE-MAS-DES-LOGES-BLANC-2-1-e1673966019170-1.png","type":"image\/png"}],"twitter_card":"summary_large_image","schema":{"@context":"https:\/\/schema.org","@graph":[{"@type":"WebPage","@id":"https:\/\/lemasdesloges83.com\/mentions-legales","url":"https:\/\/lemasdesloges83.com\/mentions-legales","name":"Mentions l\u00e9gales &#8211; Le Mas des Loges 83","isPartOf":{"@id":"https:\/\/lemasdesloges83.com\/#website"},"datePublished":"2023-02-13T13:43:34+00:00","dateModified":"2023-02-13T13:49:26+00:00","description":"Mentions L\u00e9gales &nbsp;Le Mas des Loges SAS 1147 ch du Jas de Clare&nbsp; 83740 La Cadi\u00e8re d'Azur 1000\u20ac capital social N\u00b0immat : 912961166 R.C.S TOULON","breadcrumb":{"@id":"https:\/\/lemasdesloges83.com\/mentions-legales#breadcrumb"},"inLanguage":"en-US","potentialAction":[{"@type":"ReadAction","target":["https:\/\/lemasdesloges83.com\/mentions-legales"]}]},{"@type":"BreadcrumbList","@id":"https:\/\/lemasdesloges83.com\/mentions-legales#breadcrumb","itemListElement":[{"@type":"ListItem","position":1,"name":"Accueil","item":"https:\/\/lemasdesloges83.com\/"},{"@type":"ListItem","position":2,"name":"Mentions l\u00e9gales"}]},{"@type":"WebSite","@id":"https:\/\/lemasdesloges83.com\/#website","url":"https:\/\/lemasdesloges83.com\/","name":"Le Mas des Loges 83","description":"L\u2019\u00e9l\u00e9gance proven\u00e7ale, le charme au naturel.","publisher":{"@id":"https:\/\/lemasdesloges83.com\/#organization"},"potentialAction":[{"@type":"SearchAction","target":{"@type":"EntryPoint","urlTemplate":"https:\/\/lemasdesloges83.com\/?s={search_term_string}"},"query-input":{"@type":"PropertyValueSpecification","valueRequired":true,"valueName":"search_term_string"}}],"inLanguage":"en-US"},{"@type":"Organization","@id":"https:\/\/lemasdesloges83.com\/#organization","name":"Le Mas des Loges 83","url":"https:\/\/lemasdesloges83.com\/","logo":{"@type":"ImageObject","inLanguage":"en-US","@id":"https:\/\/lemasdesloges83.com\/#\/schema\/logo\/image\/","url":"https:\/\/lemasdesloges83.com\/wp-content\/uploads\/2022\/11\/LOGO-LE-MAS-DES-LOGES-BLANC-2-1-e1673966019170.png","contentUrl":"https:\/\/lemasdesloges83.com\/wp-content\/uploads\/2022\/11\/LOGO-LE-MAS-DES-LOGES-BLANC-2-1-e1673966019170.png","width":417,"height":195,"caption":"Le Mas des Loges 83"},"image":{"@id":"https:\/\/lemasdesloges83.com\/#\/schema\/logo\/image\/"},"sameAs":["https:\/\/www.facebook.com\/profile.php?id=100089114330223","https:\/\/www.instagram.com\/lemasdesloges83\/?hl=fr"]}]}},"_links":{"self":[{"href":"https:\/\/lemasdesloges83.com\/en\/wp-json\/wp\/v2\/pages\/7293","targetHints":{"allow":["GET"]}}],"collection":[{"href":"https:\/\/lemasdesloges83.com\/en\/wp-json\/wp\/v2\/pages"}],"about":[{"href":"https:\/\/lemasdesloges83.com\/en\/wp-json\/wp\/v2\/types\/page"}],"author":[{"embeddable":true,"href":"https:\/\/lemasdesloges83.com\/en\/wp-json\/wp\/v2\/users\/1"}],"replies":[{"embeddable":true,"href":"https:\/\/lemasdesloges83.com\/en\/wp-json\/wp\/v2\/comments?post=7293"}],"version-history":[{"count":5,"href":"https:\/\/lemasdesloges83.com\/en\/wp-json\/wp\/v2\/pages\/7293\/revisions"}],"predecessor-version":[{"id":7298,"href":"https:\/\/lemasdesloges83.com\/en\/wp-json\/wp\/v2\/pages\/7293\/revisions\/7298"}],"wp:attachment":[{"href":"https:\/\/lemasdesloges83.com\/en\/wp-json\/wp\/v2\/media?parent=7293"}],"curies":[{"name":"wp","href":"https:\/\/api.w.org\/{rel}","templated":true}]}}