{"id":169,"date":"2016-07-21T15:57:36","date_gmt":"2016-07-21T15:57:36","guid":{"rendered":"http:\/\/ninetheme.com\/themes\/grandium\/?page_id=169"},"modified":"2025-05-05T16:19:20","modified_gmt":"2025-05-05T14:19:20","slug":"contact","status":"publish","type":"page","link":"https:\/\/lemasdesloges83.com\/en\/contact","title":{"rendered":"CONTACT"},"content":{"rendered":"<section class=\"wpb-content-wrapper\"><div class=\"vc_row wpb_row vc_row-fluid\"><div class=\"wpb_column vc_column_container vc_col-sm-12\"><div class=\"vc_column-inner\"><div class=\"wpb_wrapper\"><!-- Section Contact --><div class=\"section\" id=\"contact\"><div class=\"wrapper-inner\"><div class=\"row\"><div class=\"col-lg-6\"><!-- Contact Info --><div class=\"widget-contact-info\"><ul><li><h5>LE MAS DES LOGES<\/h5><ul><li>1147 chemin du Jas de Clare 83740 - La Cadi\u00e8re d'Azur FRANCE<\/li><li>Phone : +33 6 62 83 51 22<\/li><li><a href=\"mailto:caroline.roman171282@gmail.com\">caroline.roman171282@gmail.com<\/a><\/li> <\/ul><\/li><\/ul><\/div><!-- Contact Info End --><\/div> <div class=\"col-lg-6\"><!-- Contact Form --><div class=\"widget-contact-form\"><h5>CONTACT<\/h5><p>Contactez-nous pour r\u00e9servation.<\/p><div class=\"data-form\">\n<div class=\"wpcf7 no-js\" id=\"wpcf7-f229-o1\" lang=\"en-US\" dir=\"ltr\" data-wpcf7-id=\"229\">\n<div class=\"screen-reader-response\"><p role=\"status\" aria-live=\"polite\" aria-atomic=\"true\"><\/p> <ul><\/ul><\/div>\n<form action=\"\/en\/wp-json\/wp\/v2\/pages\/169#wpcf7-f229-o1\" method=\"post\" class=\"wpcf7-form init\" aria-label=\"Contact form\" novalidate=\"novalidate\" data-status=\"init\" data-trp-original-action=\"\/en\/wp-json\/wp\/v2\/pages\/169#wpcf7-f229-o1\">\n<fieldset class=\"hidden-fields-container\"><input type=\"hidden\" name=\"_wpcf7\" value=\"229\" \/><input type=\"hidden\" name=\"_wpcf7_version\" value=\"6.1.5\" \/><input type=\"hidden\" name=\"_wpcf7_locale\" value=\"en_US\" \/><input type=\"hidden\" name=\"_wpcf7_unit_tag\" value=\"wpcf7-f229-o1\" \/><input type=\"hidden\" name=\"_wpcf7_container_post\" value=\"0\" \/><input type=\"hidden\" name=\"_wpcf7_posted_data_hash\" value=\"\" \/><input type=\"hidden\" name=\"_wpcf7_recaptcha_response\" value=\"\" \/>\n<\/fieldset>\n<div class=\"row\">\n\t<div class=\"col-md-6\">\n\t\t<p><span class=\"wpcf7-form-control-wrap\" data-name=\"text-798\"><input size=\"40\" maxlength=\"400\" class=\"wpcf7-form-control wpcf7-text wpcf7-validates-as-required\" aria-required=\"true\" aria-invalid=\"false\" placeholder=\"NAME\" value=\"\" type=\"text\" name=\"text-798\" \/><\/span>\n\t\t<\/p>\n\t<\/div>\n\t<div class=\"col-md-6\">\n\t\t<p><span class=\"wpcf7-form-control-wrap\" data-name=\"text-799\"><input size=\"40\" maxlength=\"400\" class=\"wpcf7-form-control wpcf7-text wpcf7-validates-as-required\" aria-required=\"true\" aria-invalid=\"false\" placeholder=\"FIRST NAME\" value=\"\" type=\"text\" name=\"text-799\" \/><\/span>\n\t\t<\/p>\n\t<\/div>\n\t<div class=\"col-md-6\">\n\t\t<p><span class=\"wpcf7-form-control-wrap\" data-name=\"text-871\"><input size=\"40\" maxlength=\"400\" class=\"wpcf7-form-control wpcf7-text wpcf7-validates-as-required\" aria-required=\"true\" aria-invalid=\"false\" placeholder=\"YOUR MAIL\" value=\"\" type=\"text\" name=\"text-871\" \/><\/span>\n\t\t<\/p>\n\t<\/div>\n\t<div class=\"col-md-6\">\n\t\t<p><span class=\"wpcf7-form-control-wrap\" data-name=\"text-800\"><input size=\"40\" maxlength=\"400\" class=\"wpcf7-form-control wpcf7-text wpcf7-validates-as-required\" aria-required=\"true\" aria-invalid=\"false\" placeholder=\"YOUR PHONE\" value=\"\" type=\"text\" name=\"text-800\" \/><\/span>\n\t\t<\/p>\n\t<\/div>\n\t<div class=\"col-md-12\">\n\t\t<p><span class=\"wpcf7-form-control-wrap\" data-name=\"textarea-302\"><textarea cols=\"40\" rows=\"10\" maxlength=\"2000\" class=\"wpcf7-form-control wpcf7-textarea wpcf7-validates-as-required form-textarea\" aria-required=\"true\" aria-invalid=\"false\" placeholder=\"YOUR MESSAGE\" name=\"textarea-302\"><\/textarea><\/span>\n\t\t<\/p>\n\t<\/div>\n\t<div class=\"col-md-6\">\n\t\t<p class=\"note\">Please fill in all fields\n\t\t<\/p>\n\t<\/div>\n\t<div class=\"col-md-6 align-right\">\n\t\t<p><input class=\"wpcf7-form-control wpcf7-submit has-spinner btn\" type=\"submit\" value=\"SEND\" \/>\n\t\t<\/p>\n\t<\/div>\n<\/div><p style=\"display: none !important;\" class=\"akismet-fields-container\" data-prefix=\"_wpcf7_ak_\"><label>&#916;<textarea name=\"_wpcf7_ak_hp_textarea\" cols=\"45\" rows=\"8\" maxlength=\"100\"><\/textarea><\/label><input type=\"hidden\" id=\"ak_js_1\" name=\"_wpcf7_ak_js\" value=\"102\"\/><script>document.getElementById( \"ak_js_1\" ).setAttribute( \"value\", ( new Date() ).getTime() );<\/script><\/p><div class=\"wpcf7-response-output\" aria-hidden=\"true\"><\/div>\n<input type=\"hidden\" name=\"trp-form-language\" value=\"en\"\/><\/form>\n<\/div>\n<\/div><\/div> <!-- Contact Form End --> <\/div><\/div><\/div><\/div><!-- Section Contact End --><\/div><\/div><\/div><\/div><div data-vc-full-width=\"true\" data-vc-full-width-init=\"false\" data-vc-stretch-content=\"true\" class=\"vc_row wpb_row vc_row-fluid vc_row-no-padding\"><div class=\"wpb_column vc_column_container vc_col-sm-12\"><div class=\"vc_column-inner\"><div class=\"wpb_wrapper\"><div class=\"wpb_gmaps_widget wpb_content_element\"><div class=\"wpb_wrapper\"><div class=\"wpb_map_wraper\"><iframe src=\"https:\/\/www.google.com\/maps\/embed?pb=!1m18!1m12!1m3!1d2907.327742436218!2d5.725599215767631!3d43.22358768812172!2m3!1f0!2f0!3f0!3m2!1i1024!2i768!4f13.1!3m3!1m2!1s0x12c9a780e76b123d%3A0x662260e89a08224e!2s1147%20Chem.%20du%20Jas%20de%20Clare%2C%2083740%20La%20Cadi%C3%A8re-d&#39;Azur!5e0!3m2!1sfr!2sfr!4v1674928094938!5m2!1sfr!2sfr\" width=\"600\" height=\"450\" style=\"border:0;\" allowfullscreen=\"\" loading=\"lazy\" referrerpolicy=\"no-referrer-when-downgrade\"><\/iframe><\/div><\/div><\/div><\/div><\/div><\/div><\/div><div class=\"vc_row-full-width vc_clearfix\"><\/div>\n<\/section>","protected":false},"excerpt":{"rendered":"LE MAS DES LOGES1147 chemin du Jas de Clare 83740 - La Cadi\u00e8re d'Azur FRANCET\u00e9l\u00e9phone : +33 6 62 83 51 22caroline.roman171282@gmail.com ContactContactez-nous pour r\u00e9servation. * Merci...","protected":false},"author":1,"featured_media":0,"parent":0,"menu_order":0,"comment_status":"closed","ping_status":"closed","template":"fullwidth-page.php","meta":{"footnotes":""},"class_list":["post-169","page","type-page","status-publish","hentry"],"yoast_head":"<!-- This site is optimized with the Yoast SEO plugin v27.0 - https:\/\/yoast.com\/product\/yoast-seo-wordpress\/ -->\n<title>Nous Contacter - Le Mas des Loges 83<\/title>\n<meta name=\"description\" content=\"Contactez Le Mas des Loges 83 \u00e0 Besse-sur-Issole pour r\u00e9server votre s\u00e9jour en Provence. G\u00eete de charme avec piscine, au c\u0153ur du Var.\" \/>\n<meta name=\"robots\" content=\"index, follow, max-snippet:-1, max-image-preview:large, max-video-preview:-1\" \/>\n<link rel=\"canonical\" href=\"https:\/\/lemasdesloges83.com\/en\/contact\/\" \/>\n<meta property=\"og:locale\" content=\"en_US\" \/>\n<meta property=\"og:type\" content=\"article\" \/>\n<meta property=\"og:title\" content=\"Nous Contacter - Le Mas des Loges 83\" \/>\n<meta property=\"og:description\" content=\"Contactez Le Mas des Loges 83 \u00e0 Besse-sur-Issole pour r\u00e9server votre s\u00e9jour en Provence. G\u00eete de charme avec piscine, au c\u0153ur du Var.\" \/>\n<meta property=\"og:url\" content=\"https:\/\/lemasdesloges83.com\/en\/contact\/\" \/>\n<meta property=\"og:site_name\" content=\"Le Mas des Loges 83\" \/>\n<meta property=\"article:publisher\" content=\"https:\/\/www.facebook.com\/profile.php?id=100089114330223\" \/>\n<meta property=\"article:modified_time\" content=\"2025-05-05T14:19:20+00:00\" \/>\n<meta property=\"og:image\" content=\"https:\/\/lemasdesloges83.com\/wp-content\/uploads\/2022\/11\/LOGO-LE-MAS-DES-LOGES-BLANC-2-1-e1673966019170-1.png\" \/>\n\t<meta property=\"og:image:width\" content=\"417\" \/>\n\t<meta property=\"og:image:height\" content=\"195\" \/>\n\t<meta property=\"og:image:type\" content=\"image\/png\" \/>\n<meta name=\"twitter:card\" content=\"summary_large_image\" \/>\n<meta name=\"twitter:label1\" content=\"Est. reading time\" \/>\n\t<meta name=\"twitter:data1\" content=\"1 minute\" \/>\n<script type=\"application\/ld+json\" class=\"yoast-schema-graph\">{\"@context\":\"https:\/\/schema.org\",\"@graph\":[{\"@type\":\"WebPage\",\"@id\":\"https:\/\/lemasdesloges83.com\/contact\",\"url\":\"https:\/\/lemasdesloges83.com\/contact\",\"name\":\"Nous Contacter - Le Mas des Loges 83\",\"isPartOf\":{\"@id\":\"https:\/\/lemasdesloges83.com\/#website\"},\"datePublished\":\"2016-07-21T15:57:36+00:00\",\"dateModified\":\"2025-05-05T14:19:20+00:00\",\"description\":\"Contactez Le Mas des Loges 83 \u00e0 Besse-sur-Issole pour r\u00e9server votre s\u00e9jour en Provence. G\u00eete de charme avec piscine, au c\u0153ur du Var.\",\"breadcrumb\":{\"@id\":\"https:\/\/lemasdesloges83.com\/contact#breadcrumb\"},\"inLanguage\":\"en-US\",\"potentialAction\":[{\"@type\":\"ReadAction\",\"target\":[\"https:\/\/lemasdesloges83.com\/contact\"]}]},{\"@type\":\"BreadcrumbList\",\"@id\":\"https:\/\/lemasdesloges83.com\/contact#breadcrumb\",\"itemListElement\":[{\"@type\":\"ListItem\",\"position\":1,\"name\":\"Accueil\",\"item\":\"https:\/\/lemasdesloges83.com\/\"},{\"@type\":\"ListItem\",\"position\":2,\"name\":\"Contact\"}]},{\"@type\":\"WebSite\",\"@id\":\"https:\/\/lemasdesloges83.com\/#website\",\"url\":\"https:\/\/lemasdesloges83.com\/\",\"name\":\"Le Mas des Loges 83\",\"description\":\"L\u2019\u00e9l\u00e9gance proven\u00e7ale, le charme au naturel.\",\"publisher\":{\"@id\":\"https:\/\/lemasdesloges83.com\/#organization\"},\"potentialAction\":[{\"@type\":\"SearchAction\",\"target\":{\"@type\":\"EntryPoint\",\"urlTemplate\":\"https:\/\/lemasdesloges83.com\/?s={search_term_string}\"},\"query-input\":{\"@type\":\"PropertyValueSpecification\",\"valueRequired\":true,\"valueName\":\"search_term_string\"}}],\"inLanguage\":\"en-US\"},{\"@type\":\"Organization\",\"@id\":\"https:\/\/lemasdesloges83.com\/#organization\",\"name\":\"Le Mas des Loges 83\",\"url\":\"https:\/\/lemasdesloges83.com\/\",\"logo\":{\"@type\":\"ImageObject\",\"inLanguage\":\"en-US\",\"@id\":\"https:\/\/lemasdesloges83.com\/#\/schema\/logo\/image\/\",\"url\":\"https:\/\/lemasdesloges83.com\/wp-content\/uploads\/2022\/11\/LOGO-LE-MAS-DES-LOGES-BLANC-2-1-e1673966019170.png\",\"contentUrl\":\"https:\/\/lemasdesloges83.com\/wp-content\/uploads\/2022\/11\/LOGO-LE-MAS-DES-LOGES-BLANC-2-1-e1673966019170.png\",\"width\":417,\"height\":195,\"caption\":\"Le Mas des Loges 83\"},\"image\":{\"@id\":\"https:\/\/lemasdesloges83.com\/#\/schema\/logo\/image\/\"},\"sameAs\":[\"https:\/\/www.facebook.com\/profile.php?id=100089114330223\",\"https:\/\/www.instagram.com\/lemasdesloges83\/?hl=fr\"]}]}<\/script>\n<!-- \/ Yoast SEO plugin. -->","yoast_head_json":{"title":"Nous Contacter - Le Mas des Loges 83","description":"Contactez Le Mas des Loges 83 \u00e0 Besse-sur-Issole pour r\u00e9server votre s\u00e9jour en Provence. G\u00eete de charme avec piscine, au c\u0153ur du Var.","robots":{"index":"index","follow":"follow","max-snippet":"max-snippet:-1","max-image-preview":"max-image-preview:large","max-video-preview":"max-video-preview:-1"},"canonical":"https:\/\/lemasdesloges83.com\/en\/contact\/","og_locale":"en_US","og_type":"article","og_title":"Nous Contacter - Le Mas des Loges 83","og_description":"Contactez Le Mas des Loges 83 \u00e0 Besse-sur-Issole pour r\u00e9server votre s\u00e9jour en Provence. G\u00eete de charme avec piscine, au c\u0153ur du Var.","og_url":"https:\/\/lemasdesloges83.com\/en\/contact\/","og_site_name":"Le Mas des Loges 83","article_publisher":"https:\/\/www.facebook.com\/profile.php?id=100089114330223","article_modified_time":"2025-05-05T14:19:20+00:00","og_image":[{"width":417,"height":195,"url":"https:\/\/lemasdesloges83.com\/wp-content\/uploads\/2022\/11\/LOGO-LE-MAS-DES-LOGES-BLANC-2-1-e1673966019170-1.png","type":"image\/png"}],"twitter_card":"summary_large_image","twitter_misc":{"Est. reading time":"1 minute"},"schema":{"@context":"https:\/\/schema.org","@graph":[{"@type":"WebPage","@id":"https:\/\/lemasdesloges83.com\/contact","url":"https:\/\/lemasdesloges83.com\/contact","name":"Nous Contacter - Le Mas des Loges 83","isPartOf":{"@id":"https:\/\/lemasdesloges83.com\/#website"},"datePublished":"2016-07-21T15:57:36+00:00","dateModified":"2025-05-05T14:19:20+00:00","description":"Contactez Le Mas des Loges 83 \u00e0 Besse-sur-Issole pour r\u00e9server votre s\u00e9jour en Provence. G\u00eete de charme avec piscine, au c\u0153ur du Var.","breadcrumb":{"@id":"https:\/\/lemasdesloges83.com\/contact#breadcrumb"},"inLanguage":"en-US","potentialAction":[{"@type":"ReadAction","target":["https:\/\/lemasdesloges83.com\/contact"]}]},{"@type":"BreadcrumbList","@id":"https:\/\/lemasdesloges83.com\/contact#breadcrumb","itemListElement":[{"@type":"ListItem","position":1,"name":"Accueil","item":"https:\/\/lemasdesloges83.com\/"},{"@type":"ListItem","position":2,"name":"Contact"}]},{"@type":"WebSite","@id":"https:\/\/lemasdesloges83.com\/#website","url":"https:\/\/lemasdesloges83.com\/","name":"Le Mas des Loges 83","description":"L\u2019\u00e9l\u00e9gance proven\u00e7ale, le charme au naturel.","publisher":{"@id":"https:\/\/lemasdesloges83.com\/#organization"},"potentialAction":[{"@type":"SearchAction","target":{"@type":"EntryPoint","urlTemplate":"https:\/\/lemasdesloges83.com\/?s={search_term_string}"},"query-input":{"@type":"PropertyValueSpecification","valueRequired":true,"valueName":"search_term_string"}}],"inLanguage":"en-US"},{"@type":"Organization","@id":"https:\/\/lemasdesloges83.com\/#organization","name":"Le Mas des Loges 83","url":"https:\/\/lemasdesloges83.com\/","logo":{"@type":"ImageObject","inLanguage":"en-US","@id":"https:\/\/lemasdesloges83.com\/#\/schema\/logo\/image\/","url":"https:\/\/lemasdesloges83.com\/wp-content\/uploads\/2022\/11\/LOGO-LE-MAS-DES-LOGES-BLANC-2-1-e1673966019170.png","contentUrl":"https:\/\/lemasdesloges83.com\/wp-content\/uploads\/2022\/11\/LOGO-LE-MAS-DES-LOGES-BLANC-2-1-e1673966019170.png","width":417,"height":195,"caption":"Le Mas des Loges 83"},"image":{"@id":"https:\/\/lemasdesloges83.com\/#\/schema\/logo\/image\/"},"sameAs":["https:\/\/www.facebook.com\/profile.php?id=100089114330223","https:\/\/www.instagram.com\/lemasdesloges83\/?hl=fr"]}]}},"_links":{"self":[{"href":"https:\/\/lemasdesloges83.com\/en\/wp-json\/wp\/v2\/pages\/169","targetHints":{"allow":["GET"]}}],"collection":[{"href":"https:\/\/lemasdesloges83.com\/en\/wp-json\/wp\/v2\/pages"}],"about":[{"href":"https:\/\/lemasdesloges83.com\/en\/wp-json\/wp\/v2\/types\/page"}],"author":[{"embeddable":true,"href":"https:\/\/lemasdesloges83.com\/en\/wp-json\/wp\/v2\/users\/1"}],"replies":[{"embeddable":true,"href":"https:\/\/lemasdesloges83.com\/en\/wp-json\/wp\/v2\/comments?post=169"}],"version-history":[{"count":8,"href":"https:\/\/lemasdesloges83.com\/en\/wp-json\/wp\/v2\/pages\/169\/revisions"}],"predecessor-version":[{"id":8138,"href":"https:\/\/lemasdesloges83.com\/en\/wp-json\/wp\/v2\/pages\/169\/revisions\/8138"}],"wp:attachment":[{"href":"https:\/\/lemasdesloges83.com\/en\/wp-json\/wp\/v2\/media?parent=169"}],"curies":[{"name":"wp","href":"https:\/\/api.w.org\/{rel}","templated":true}]}}